{"id":56,"date":"2018-03-26T09:14:26","date_gmt":"2018-03-26T09:14:26","guid":{"rendered":"http:\/\/harvestehuder.de\/?page_id=56"},"modified":"2025-07-06T20:41:27","modified_gmt":"2025-07-06T20:41:27","slug":"wir","status":"publish","type":"page","link":"https:\/\/harvestehuder.de\/?page_id=56","title":{"rendered":"Das Harvestehuder Sinfonieochester"},"content":{"rendered":"<p>Alles begann 1966 mit einem Kammermusikkreis \u2013 man wollte Kapellmeisterstudenten der Hamburger Musikhochschule die M\u00f6glichkeit bieten, ihr Handwerk vor einem \u201erichtigen\u201c Ensemble zu trainieren. Mit unglaublichem Engagement schuf Christof Prick, der mittlerweile selbst auf eine internationale Dirigentenkarriere zur\u00fcckblicken kann, den Grundstock zum heutigen Sinfonieorchester mit ca. 100 Musikern.<\/p>\n<p><span>Niemand hatte damals geglaubt, dass aus der \u00fcberschaubaren Gruppe von Enthusiasten einmal ein ausgewachsener sinfonischer Klangk\u00f6rper werden w\u00fcrde. Aber Hingabe und von Anfang an der Anspruch, auf professionellem Niveau zu musizieren, blieben nicht ohne Wirkung, und so wurde nicht nur das Hamburger Musikleben auf das junge Ensemble aufmerksam; es fanden sich auch immer mehr junge Musiker, die in dem Harvestehuder \u2013 zun\u00e4chst \u2013 Studentenorchester mitspielen wollten.<\/span><\/p>\n<p><span>Und mittlerweile ist es ein halbes Jahrhundert intensiven gemeinsamen Musizierens geworden \u2013 in \u00fcber 170 Konzerten mit Werken von mehr als 90 verschiedenen Komponisten hat das Ensemble 25 jungen Dirigenten die Chance gegeben, sich musikalisch zu profilieren und unsch\u00e4tzbare Erfahrungen in der Orchesterarbeit zu sammeln. Gleichzeitig konnten die Musiker sich einen festen eigenen Platz in der Hamburger Orchesterlandschaft sichern.<\/span><\/p>\n<p><span>Einiges hat sich ver\u00e4ndert. So kann man heute nicht mehr von einem Studentenorchester sprechen \u2013 zu viele ehemalige Studenten wollten weiter mitmachen, und so wurde dann der Name in Harvestehuder Sinfonieorchester ge\u00e4ndert. Doch noch immer sind viele Studenten und junge Musiker dabei, so dass sich ein im wahrsten Sinne des Wortes harmonisches Miteinander verschiedener Generationen eingespielt hat.<\/span><\/p>\n<p><span>Ungemindert ist der hohe Qualit\u00e4tsanspruch: Jedes der beiden j\u00e4hrlichen Konzertprogramme wird intensiv in w\u00f6chentlichen Proben und ein bis zwei Probenwochenenden erarbeitet \u2013 eine f\u00fcr die in der Regel in ganz anderen Berufen t\u00e4tigen Musiker eine nicht geringe Belastung. Und l\u00e4ngst ist vor der Aufnahme neuer Mitglieder \u2013 wie bei professionellen Ensembles auch \u2013 ein Probespiel Pflicht.<\/span><\/p>\n<p><span>Seit seiner Gr\u00fcndung lebt das sich selbst verwaltende und finanzierende Orchester von der Eigeninitiative und dem Idealismus seiner Musiker und Dirigenten, die durch ihre musikalische Arbeit und ihren pers\u00f6nlichen Einsatz sein Fortbestehen sichern. Und es sind dieser Enthusiasmus, diese grenzenlose Hingabe an die Musik, diese Begeisterung f\u00fcr das miteinander Durchleben der gr\u00f6\u00dften Meisterwerke des Orchesterrepertoires, die die Stimmung jeder Probe und jedes Konzerts des Harvestehuder Sinfonieorchesters so besonders machen.<\/span><\/p>\n<table width=\"750\" cellspacing=\"0\" cellpadding=\"0\" border=\"0\"><\/table>\n<h3><span style=\"color: #ffffff;\">.<\/span><\/h3>\n<h3>Kontakt:<\/h3>\n<p><strong>Buchungsanfragen:<\/strong> Regina O., regina.oehlrich@web.de, 0175 244 05 01<\/p>\n<p><strong>Presse:<\/strong> Jochen R., jochen.rudelt@t-online.de, 0173 327 92 25<\/p>\n<p><strong>Als Mitglied bewerben? <\/strong>folge\u00a0<a href=\"http:\/\/harvestehuder.de\/?page_id=60\">diesem Link<\/a>.<\/p>\n<p><strong>F\u00f6rderverein:<\/strong> Reto Woodtli, info@harvestehuder.de<\/p>\n<p><strong>Website:<\/strong> <strong><\/strong>Nils Kokemohr, nilsko@gmail.com<\/p>\n<p><strong>Allgemeine Anfragen:<\/strong> info@harvestehuder.de<\/p>\n<p><strong>Karten-Anfragen:<\/strong> karten@harvestehuder.de<\/p>\n<p><strong>English speaking contact: <\/strong>Nils Kokemohr, nilsko@gmail.com, 0177 369 96 86<\/p>\n<p><strong>Italian speaking contact:\u00a0<\/strong><span data-sheets-value=\"{&quot;1&quot;:2,&quot;2&quot;:&quot;Lukas Mezger&quot;}\" data-sheets-userformat=\"{&quot;2&quot;:577,&quot;3&quot;:[null,0],&quot;9&quot;:0,&quot;12&quot;:0}\">Lukas Mezger,\u00a0<\/span><span data-sheets-value=\"{&quot;1&quot;:2,&quot;2&quot;:&quot;lukas.mezger@gmail.com;&quot;}\" data-sheets-userformat=\"{&quot;2&quot;:1049153,&quot;3&quot;:[null,0],&quot;9&quot;:1,&quot;12&quot;:0,&quot;23&quot;:2}\">lukas.mezger@gmail.com<\/span><span data-sheets-value=\"{&quot;1&quot;:2,&quot;2&quot;:&quot;sylvain.nau@free.fr;&quot;}\" data-sheets-userformat=\"{&quot;2&quot;:1049153,&quot;3&quot;:[null,0],&quot;9&quot;:1,&quot;12&quot;:0,&quot;23&quot;:2}\"><\/span><\/p>\n<p><span>.<\/span><\/p>\n<h3>Wichtige Links:<\/h3>\n<p><a href=\"http:\/\/harvestehuder.de\/?page_id=71\">Mitglied<\/a> im F\u00f6rderverein werden &#8211; und die begehrten Reservierungen bekommen<\/p>\n<p><a href=\"https:\/\/drive.google.com\/open?id=1LiXM0YvcF1A_ooufb8wEZDh3sxnORmJX\">Satzung\u00a0<\/a>des F\u00f6rdervereines<\/p>\n<div>\n<p><span style=\"color: #ffffff;\">.<\/span><\/p>\n<p><span style=\"color: #ffffff;\">.<\/span><span style=\"color: #ffffff;\"><\/span><\/p>\n<p><span style=\"color: #ffffff;\">.<\/span><\/p>\n<\/div>\n","protected":false},"excerpt":{"rendered":"<p>Alles begann 1966 mit einem Kammermusikkreis \u2013 man wollte Kapellmeisterstudenten der Hamburger Musikhochschule die M\u00f6glichkeit bieten, ihr Handwerk vor einem \u201erichtigen\u201c Ensemble zu trainieren. Mit unglaublichem Engagement schuf Christof Prick, der mittlerweile selbst auf eine internationale Dirigentenkarriere zur\u00fcckblicken kann, den Grundstock zum heutigen Sinfonieorchester mit ca. 100 Musikern. Niemand hatte<a class=\"moretag\" href=\"https:\/\/harvestehuder.de\/?page_id=56\"> Weiterlesen<\/a><\/p>\n","protected":false},"author":1,"featured_media":126,"parent":0,"menu_order":4,"comment_status":"closed","ping_status":"closed","template":"","meta":{"footnotes":""},"class_list":["post-56","page","type-page","status-publish","has-post-thumbnail","hentry"],"_links":{"self":[{"href":"https:\/\/harvestehuder.de\/index.php?rest_route=\/wp\/v2\/pages\/56","targetHints":{"allow":["GET"]}}],"collection":[{"href":"https:\/\/harvestehuder.de\/index.php?rest_route=\/wp\/v2\/pages"}],"about":[{"href":"https:\/\/harvestehuder.de\/index.php?rest_route=\/wp\/v2\/types\/page"}],"author":[{"embeddable":true,"href":"https:\/\/harvestehuder.de\/index.php?rest_route=\/wp\/v2\/users\/1"}],"replies":[{"embeddable":true,"href":"https:\/\/harvestehuder.de\/index.php?rest_route=%2Fwp%2Fv2%2Fcomments&post=56"}],"version-history":[{"count":33,"href":"https:\/\/harvestehuder.de\/index.php?rest_route=\/wp\/v2\/pages\/56\/revisions"}],"predecessor-version":[{"id":1718,"href":"https:\/\/harvestehuder.de\/index.php?rest_route=\/wp\/v2\/pages\/56\/revisions\/1718"}],"wp:featuredmedia":[{"embeddable":true,"href":"https:\/\/harvestehuder.de\/index.php?rest_route=\/wp\/v2\/media\/126"}],"wp:attachment":[{"href":"https:\/\/harvestehuder.de\/index.php?rest_route=%2Fwp%2Fv2%2Fmedia&parent=56"}],"curies":[{"name":"wp","href":"https:\/\/api.w.org\/{rel}","templated":true}]}}