{"id":54,"date":"2018-03-26T09:14:04","date_gmt":"2018-03-26T09:14:04","guid":{"rendered":"http:\/\/harvestehuder.de\/?page_id=54"},"modified":"2026-02-24T23:19:47","modified_gmt":"2026-02-24T23:19:47","slug":"karten","status":"publish","type":"page","link":"https:\/\/harvestehuder.de\/?page_id=54","title":{"rendered":"KARTEN"},"content":{"rendered":"<p style=\"text-align: center;\">Seit 2025 d\u00fcrfen wir f\u00fcr unsere Konzerte keine freie Platzwahl mehr anbieten.<br \/>\nWir haben uns f\u00fcr einen Saalplan der Laeiszhalle mit zwei Preiskategorien entschieden:<\/p>\n<p style=\"text-align: center;\"><strong>Kategorie 1:<br \/>\n<\/strong>23 \u20ac (Konzertkasse Gerdes &amp; Abendkasse 25,30 \u20ac \/ Eventim 27,80 \u20ac)<br \/>\nerm\u00e4\u00dfigt 12 \u20ac (Gerdes &amp; AK 13,20 \u20ac \/ Eventim 14,20 \u20ac)<\/p>\n<p style=\"text-align: center;\"><strong>Kategorie 2:<br \/>\n<\/strong><strong> <\/strong>20 \u20ac (Gerdes &amp; AK 22 \u20ac \/ Eventim 23 \u20ac)<br \/>\nerm\u00e4\u00dfigt 10 \u20ac (Gerdes &amp; AK 11 \u20ac \/ Eventim 12 \u20ac)<\/p>\n<p>&nbsp;<\/p>\n<p style=\"text-align: center;\">Informationen zu den Pl\u00e4tzen in den beiden Kategorien finden Sie in diesem <em><a href=\"https:\/\/harvestehuder.de\/wp-content\/uploads\/2024\/11\/technischer_saalplan_laeiszhalle_grosser_saal_2pks.pdf\"><strong>Saalplan<\/strong><\/a><\/em><\/p>\n<p>&nbsp;<\/p>\n<h3 style=\"text-align: center;\">Vorverkaufsstellen<\/h3>\n<p style=\"text-align: center;\">Karten gibt es im Vorverkauf bei der <strong>Konzertkasse Gerdes<\/strong><br \/>\nRothenbaumchaussee 77, 20148 Hamburg<br \/>\n<em><a href=\"https:\/\/www.konzertkassegerdes.de\">www.konzertkassegerdes.de<\/a><\/em><\/p>\n<p style=\"text-align: center;\">\u00dcber den folgenden Link kommen Sie direkt zum Online-Kartenverkauf unserer Konzerte: <em><a href=\"https:\/\/www.eventim.de\/artist\/harvestehuder-sinfonieorchester\/\" target=\"_blank\" rel=\"noopener\">www.eventim.de<\/a><\/em><\/p>\n<p style=\"text-align: center;\"><span style=\"color: #ffffff;\">.<\/span><\/p>\n<p style=\"text-align: center;\"><span style=\"color: #ffffff;\">.<\/span><\/p>\n<h3 style=\"text-align: center;\">Abo (mit Platzreservierung)<\/h3>\n<p style=\"text-align: center;\">Im F\u00f6rderverein erhalten Sie f\u00fcr <strong>120,-<\/strong> Euro im Jahr bequem 2 Karten pro Konzert per Post (4 pro Jahr). Enthalten: Eine Sitzplatzreservierung nach Ihrer Wahl!<\/p>\n<p style=\"text-align: center;\">Mitglied werden Sie \u00fcber <a href=\"http:\/\/harvestehuder.de\/?page_id=71\">diesen Link<\/a>.<\/p>\n<p style=\"text-align: center;\"><span style=\"color: #ffffff;\">.<\/span><\/p>\n<h3 style=\"text-align: center;\">Karten \u00fcber Orchestermitglied<\/h3>\n<p style=\"text-align: center;\">Wenn Sie ein Orchestermitglied kennen, k\u00f6nnen Sie von diesem in den Wochen vor dem Konzert erm\u00e4\u00dfigte Karten erwerben.<\/p>\n<p><span style=\"color: #ffffff;\">.<br \/>\n<\/span><\/p>\n<h3 style=\"text-align: center;\">F\u00fcr Gruppen<\/h3>\n<p style=\"text-align: center;\">Haben Sie Interesse, Karten f\u00fcr eine Gruppe zu erwerben, z.B. f\u00fcr eine Schulklasse, oder geht es um einen Firmenrabatt? Kontaktieren Sie uns \u00fcber <em><strong>karten@harvestehuder.de<\/strong><\/em> und wir k\u00fcmmern uns darum.<\/p>\n<p><span style=\"color: #ffffff;\">.<\/span><\/p>\n<p><span style=\"color: #ffffff;\">.<\/span><\/p>\n<p><span style=\"color: #ffffff;\">.<\/span><\/p>\n<p><span style=\"color: #ffffff;\">.<\/span><\/p>\n","protected":false},"excerpt":{"rendered":"<p>Seit 2025 d\u00fcrfen wir f\u00fcr unsere Konzerte keine freie Platzwahl mehr anbieten. Wir haben uns f\u00fcr einen Saalplan der Laeiszhalle mit zwei Preiskategorien entschieden: Kategorie 1: 23 \u20ac (Konzertkasse Gerdes &amp; Abendkasse 25,30 \u20ac \/ Eventim 27,80 \u20ac) erm\u00e4\u00dfigt 12 \u20ac (Gerdes &amp; AK 13,20 \u20ac \/ Eventim 14,20 \u20ac)<a class=\"moretag\" href=\"https:\/\/harvestehuder.de\/?page_id=54\"> Weiterlesen<\/a><\/p>\n","protected":false},"author":1,"featured_media":11,"parent":0,"menu_order":3,"comment_status":"closed","ping_status":"closed","template":"","meta":{"footnotes":""},"class_list":["post-54","page","type-page","status-publish","has-post-thumbnail","hentry"],"_links":{"self":[{"href":"https:\/\/harvestehuder.de\/index.php?rest_route=\/wp\/v2\/pages\/54","targetHints":{"allow":["GET"]}}],"collection":[{"href":"https:\/\/harvestehuder.de\/index.php?rest_route=\/wp\/v2\/pages"}],"about":[{"href":"https:\/\/harvestehuder.de\/index.php?rest_route=\/wp\/v2\/types\/page"}],"author":[{"embeddable":true,"href":"https:\/\/harvestehuder.de\/index.php?rest_route=\/wp\/v2\/users\/1"}],"replies":[{"embeddable":true,"href":"https:\/\/harvestehuder.de\/index.php?rest_route=%2Fwp%2Fv2%2Fcomments&post=54"}],"version-history":[{"count":67,"href":"https:\/\/harvestehuder.de\/index.php?rest_route=\/wp\/v2\/pages\/54\/revisions"}],"predecessor-version":[{"id":1854,"href":"https:\/\/harvestehuder.de\/index.php?rest_route=\/wp\/v2\/pages\/54\/revisions\/1854"}],"wp:featuredmedia":[{"embeddable":true,"href":"https:\/\/harvestehuder.de\/index.php?rest_route=\/wp\/v2\/media\/11"}],"wp:attachment":[{"href":"https:\/\/harvestehuder.de\/index.php?rest_route=%2Fwp%2Fv2%2Fmedia&parent=54"}],"curies":[{"name":"wp","href":"https:\/\/api.w.org\/{rel}","templated":true}]}}