{"id":50,"date":"2018-03-26T09:10:55","date_gmt":"2018-03-26T09:10:55","guid":{"rendered":"http:\/\/harvestehuder.de\/?page_id=50"},"modified":"2026-02-24T23:22:30","modified_gmt":"2026-02-24T23:22:30","slug":"programm","status":"publish","type":"page","link":"https:\/\/harvestehuder.de\/?page_id=50","title":{"rendered":"Aktuelles"},"content":{"rendered":"\n<p><strong>     <\/strong><\/p>\n\n\n<p style=\"text-align: center;\"><span style=\"color: #ffffff;\">6<\/span><span style=\"color: #000000;\"><em><strong>Unser n\u00e4chstes Konzert:<\/strong><\/em><\/span><\/p>\n<p style=\"text-align: center;\"><span><em><strong><span style=\"color: #ff9900;\">Samstag, 06.06.2026, 20:00 Uhr, <\/span><br \/><span style=\"color: #ff9900;\">Laeiszhalle Hamburg, Gro\u00dfer Saal<\/span><br \/><\/strong><\/em><\/span><\/p>\n<p style=\"text-align: center;\"><strong><span class=\"sub-title\"><em>Bed\u0159ich Smetana: Aus B\u00f6hmens Hain und Flur (aus: Mein Vaterland)<br \/>B\u00e9la Bart\u00f3k: Konzert f\u00fcr Viola und Orchester<br \/><\/em><\/span><\/strong><strong><em>Anton\u00edn Dvo\u0159\u00e1k: 7. Sinfonie d-moll<\/em><\/strong><\/p>\n<p style=\"text-align: center;\"><strong><em>Solist: Jasper Sitte<br \/>Leitung: Felix Koltun<\/em><\/strong><\/p>\n<p style=\"text-align: center;\"><em><\/em><a href=\"https:\/\/www.eventim.de\/artist\/harvestehuder-sinfonieorchester\/\"><span style=\"color: #3366ff;\"><em><strong><span style=\"color: #99cc00;\"><span style=\"color: #ff9900;\">zum Kartenvorverkauf \u00fcber EVENTIM<\/span><\/span><\/strong><\/em><\/span><\/a><\/p>\n<p style=\"text-align: center;\"><span style=\"color: #ff9900;\"><em><strong>e-Flyer zum Download<\/strong><\/em><\/span><\/p>\n<p>&nbsp;<\/p>\n<p style=\"text-align: center;\"><span><br \/><strong>Vorschau:<\/strong><\/span><\/p>\n<p>&nbsp;<\/p>\n<p style=\"text-align: center;\"><span style=\"color: #ff9900;\"><em><strong><span style=\"color: #000000;\">Winterkonzert 2026\/2027<\/span><\/strong><\/em><\/span><\/p>\n<p style=\"text-align: center;\"><strong><span class=\"sub-title\"><em>Dimitri Schostakowitsch: Violinkonzert Nr. 1<br \/>Sergej Prokofjew: Sinfonie Nr. 5<\/em><\/span><\/strong><\/p>\n<p>&nbsp;<\/p>\n<p style=\"text-align: center;\"><span style=\"color: #000000;\"><em><strong>Sommerkonzert 2027<\/strong><\/em><\/span><\/p>\n<p style=\"text-align: center;\"><strong><span class=\"sub-title\"><em>Robert Schumann: Ouvert\u00fcre zu &#8222;Genoveva&#8220;<br \/>Clara Schumann: Klavierkonzert<br \/><\/em><\/span><\/strong><strong><em>Johannes Brahms: Sinfonie Nr. 4<\/em><\/strong><\/p>\n<p>&nbsp;<\/p>\n<p><span style=\"color: #ffffff;\">456<\/span><\/p>\n<p><span style=\"color: #ffffff;\">.<\/span><\/p>\n\n\n<p><\/p>\n","protected":false},"excerpt":{"rendered":"<p>6Unser n\u00e4chstes Konzert: Samstag, 06.06.2026, 20:00 Uhr, Laeiszhalle Hamburg, Gro\u00dfer Saal Bed\u0159ich Smetana: Aus B\u00f6hmens Hain und Flur (aus: Mein Vaterland)B\u00e9la Bart\u00f3k: Konzert f\u00fcr Viola und OrchesterAnton\u00edn Dvo\u0159\u00e1k: 7. Sinfonie d-moll Solist: Jasper SitteLeitung: Felix Koltun zum Kartenvorverkauf \u00fcber EVENTIM e-Flyer zum Download &nbsp; Vorschau: &nbsp; Winterkonzert 2026\/2027 Dimitri Schostakowitsch:<a class=\"moretag\" href=\"https:\/\/harvestehuder.de\/?page_id=50\"> Weiterlesen<\/a><\/p>\n","protected":false},"author":1,"featured_media":1751,"parent":0,"menu_order":2,"comment_status":"closed","ping_status":"closed","template":"","meta":{"footnotes":""},"class_list":["post-50","page","type-page","status-publish","has-post-thumbnail","hentry"],"_links":{"self":[{"href":"https:\/\/harvestehuder.de\/index.php?rest_route=\/wp\/v2\/pages\/50","targetHints":{"allow":["GET"]}}],"collection":[{"href":"https:\/\/harvestehuder.de\/index.php?rest_route=\/wp\/v2\/pages"}],"about":[{"href":"https:\/\/harvestehuder.de\/index.php?rest_route=\/wp\/v2\/types\/page"}],"author":[{"embeddable":true,"href":"https:\/\/harvestehuder.de\/index.php?rest_route=\/wp\/v2\/users\/1"}],"replies":[{"embeddable":true,"href":"https:\/\/harvestehuder.de\/index.php?rest_route=%2Fwp%2Fv2%2Fcomments&post=50"}],"version-history":[{"count":170,"href":"https:\/\/harvestehuder.de\/index.php?rest_route=\/wp\/v2\/pages\/50\/revisions"}],"predecessor-version":[{"id":1857,"href":"https:\/\/harvestehuder.de\/index.php?rest_route=\/wp\/v2\/pages\/50\/revisions\/1857"}],"wp:featuredmedia":[{"embeddable":true,"href":"https:\/\/harvestehuder.de\/index.php?rest_route=\/wp\/v2\/media\/1751"}],"wp:attachment":[{"href":"https:\/\/harvestehuder.de\/index.php?rest_route=%2Fwp%2Fv2%2Fmedia&parent=50"}],"curies":[{"name":"wp","href":"https:\/\/api.w.org\/{rel}","templated":true}]}}