{"id":1531,"date":"2025-11-02T10:45:12","date_gmt":"2025-11-02T10:45:12","guid":{"rendered":"https:\/\/harvestehuder.de\/?page_id=1531"},"modified":"2026-02-24T22:37:18","modified_gmt":"2026-02-24T22:37:18","slug":"konzertchronik-neu","status":"publish","type":"page","link":"https:\/\/harvestehuder.de\/?page_id=1531","title":{"rendered":"KONZERTCHRONIK"},"content":{"rendered":"\n<div class=\"wp-block-columns is-layout-flex wp-container-core-columns-is-layout-28f84493 wp-block-columns-is-layout-flex\">\n<div class=\"wp-block-column is-layout-flow wp-block-column-is-layout-flow\" style=\"flex-basis:100%\">\n<div class=\"wp-block-columns is-layout-flex wp-container-core-columns-is-layout-28f84493 wp-block-columns-is-layout-flex\">\n<div class=\"wp-block-column is-layout-flow wp-block-column-is-layout-flow\" style=\"flex-basis:100%\">\n<figure class=\"wp-block-table alignwide has-fixed-layout is-style-stripes\" style=\"margin-top:0;margin-right:0;margin-bottom:0;margin-left:0;padding-top:0;padding-right:0px;padding-bottom:0;padding-left:0px;font-size:18px;font-style:normal;font-weight:300\"><table style=\"border-style:none;border-width:0px\"><tbody><tr><th class=\"has-text-align-left\" data-align=\"left\"><span style=\"color: #ff9900;\">Datum<\/span><\/th><th class=\"has-text-align-left\" data-align=\"left\"><span style=\"color: #ff9900;\">Werke<\/span><\/th><th class=\"has-text-align-left\" data-align=\"left\"><span style=\"color: #ff9900;\">Leitung \/ SolistIn<\/span><\/th><\/tr><tr><td class=\"has-text-align-left\" data-align=\"left\">24.01.2026<\/td><td class=\"has-text-align-left\" data-align=\"left\">Edvard Grieg: Klavierkonzert a-Moll<br>Gustav Mahler: Sinfonie Nr. 4 G-Dur<\/td><td class=\"has-text-align-left\" data-align=\"left\">Felix Koltun<br>Solist: Serhij Kovalov<\/td><\/tr><tr><td class=\"has-text-align-left\" data-align=\"left\">05.07.2025<\/td><td class=\"has-text-align-left\" data-align=\"left\">\u00c9douard Lalo: Cellokonzert d-Moll<br>Peter Tschaikowsky: Symphonie Nr. 5 e-Moll<\/td><td class=\"has-text-align-left\" data-align=\"left\">Philip Hildebrand<br>Solist: Benedikt Loos<\/td><\/tr><tr><td class=\"has-text-align-left\" data-align=\"left\">Mai 2025<br>Konzertreise<br>Italien <\/td><td class=\"has-text-align-left\" data-align=\"left\">Wolfgang Amadeus Mozart: Ouvert\u00fcre zu &#8222;Don Giovanni&#8220;<br>Wolfgang Amadeus Mozart: Klavierkonzert Nr. 25 C-Dur<br>Johannes Brahms: Sinfonie Nr. 2<br><\/td><td class=\"has-text-align-left\" data-align=\"left\">Philip Hildebrand<br>Massimo Taddia<\/td><\/tr><tr><td class=\"has-text-align-left\" data-align=\"left\">01.02.2025<\/td><td class=\"has-text-align-left\" data-align=\"left\">Maurice Ravel: Alborada del gracioso<br>Maurice Ravel: Klavierkonzert G-Dur<br>Hector Berlioz: Symphonie fantastique<\/td><td class=\"has-text-align-left\" data-align=\"left\">Philip Hildebrand<br>Solist: Gabriel Yeo<\/td><\/tr><tr><td class=\"has-text-align-left\" data-align=\"left\">14.06.2024<\/td><td class=\"has-text-align-left\" data-align=\"left\">Dmitri Schostakowitsch: Sinfonie Nr. 9<br>Modest Mussorgsky: Bilder einer Ausstellung<\/td><td class=\"has-text-align-left\" data-align=\"left\">Philip Hildebrand<\/td><\/tr><tr><td class=\"has-text-align-left\" data-align=\"left\">27.01.2024<\/td><td class=\"has-text-align-left\" data-align=\"left\">Richard Strauss: Konzert f\u00fcr Oboe und kleines Orchester D-Dur<br>Anton Bruckner: Sinfonie Nr. 7<\/td><td class=\"has-text-align-left\" data-align=\"left\">Robin Portune<br>Solistin: Julia Obergfell<\/td><\/tr><tr><td class=\"has-text-align-left\" data-align=\"left\">11.09.2023<\/td><td class=\"has-text-align-left\" data-align=\"left\">Francis Poulenc: Konzert f\u00fcr zwei Klaviere und Orchester<br>Anton\u00edn Dvo\u0159\u00e1k: Sinfonie Nr. 9 \u201eAus der Neuen Welt\u201c<\/td><td class=\"has-text-align-left\" data-align=\"left\">Massimo Taddia<br>Solisten: Sergio Marchegiani &amp; Marco Schiavo<\/td><\/tr><tr><td class=\"has-text-align-left\" data-align=\"left\">17.06.2023<\/td><td class=\"has-text-align-left\" data-align=\"left\">Felix Mendelssohn: Konzertouvert\u00fcre \u201eDie Hebriden\u201c<br>Edward Elgar: Cellokonzert<br>Anton\u00edn Dvo\u0159\u00e1k: Sinfonie Nr. 8<\/td><td class=\"has-text-align-left\" data-align=\"left\">Emanuel Dantscher<br>Solist: Benedikt Loos<\/td><\/tr><tr><td class=\"has-text-align-left\" data-align=\"left\">27.01.2023<\/td><td class=\"has-text-align-left\" data-align=\"left\">Maurice Ravel: Bolero<br>George Gershwin: Rhapsody in Blue<br>Sergej Rachmaninow: Sinfonische T\u00e4nze<\/td><td class=\"has-text-align-left\" data-align=\"left\">Christian Kunert<br>Solist: Garri Setyan<\/td><\/tr><tr><td class=\"has-text-align-left\" data-align=\"left\">15.06.2022<\/td><td class=\"has-text-align-left\" data-align=\"left\">Arvo P\u00e4rt: Schwanengesang<br>Pjotr Iljitsch Tschaikowski: Romeo und Julia &#8211; Fantasie-Ouvert\u00fcre<br>Ludwig van Beethoven: Sinfonie Nr. 7<\/td><td class=\"has-text-align-left\" data-align=\"left\">Christian Kunert<\/td><\/tr><tr><td class=\"has-text-align-left\" data-align=\"left\">Mai 2022<br>Konzertreise Italien<\/td><td class=\"has-text-align-left\" data-align=\"left\">Wolfgang Amadeus Mozart: Klavierkonzert Nr. 2<br>Ludwig van Beethoven: Sinfonie Nr. 7<\/td><td class=\"has-text-align-left\" data-align=\"left\">Christian Kunert<br>Solist: Christian Kunert<\/td><\/tr><tr><td class=\"has-text-align-left\" data-align=\"left\">05.02.2022<\/td><td class=\"has-text-align-left\" data-align=\"left\">Johannes Brahms: Tragische Ouvert\u00fcre<br>Johannes Brahms: Klavierkonzert Nr. 2<br>Gustav Mahler: Sinfonie Nr. 1<\/td><td class=\"has-text-align-left\" data-align=\"left\">Christian Kunert<br>Solist: Pietro Massa<\/td><\/tr><tr><td class=\"has-text-align-left\" data-align=\"left\">26.09.2021<\/td><td class=\"has-text-align-left\" data-align=\"left\">Richard Strauss: Festmarsch Es-Dur<br>Alexandre Guilmant: Morceau symphonique f\u00fcr Posaune und Orchester<br>Richard Wagner: Siegfried-Idyll<br>Johannes Brahms: Sinfonie Nr. 1<\/td><td class=\"has-text-align-left\" data-align=\"left\">Christian Kunert<br>Solist: Alexander Kockel<\/td><\/tr><tr><td class=\"has-text-align-left\" data-align=\"left\">25.09.2020<\/td><td class=\"has-text-align-left\" data-align=\"left\">Joseph Haydn: Trompetenkonzert Es-Dur<br>Ludwig van Beethoven: Sinfonie Nr. 2<\/td><td class=\"has-text-align-left\" data-align=\"left\">Christian Kunert<br>Solisten: Oliver Christian \/ Josa Malich<\/td><\/tr><tr><td class=\"has-text-align-left\" data-align=\"left\">01.02.2020<\/td><td class=\"has-text-align-left\" data-align=\"left\">Sergej Prokofjew: Suite aus \u201eRomeo und Julia\u201c<br>Anatoli Ljadow: Der verzauberte See \u2013 Kikimora<br>Ottorino Respighi: Pini di Roma<\/td><td class=\"has-text-align-left\" data-align=\"left\">Christian Kunert<\/td><\/tr><tr><td class=\"has-text-align-left\" data-align=\"left\">21.06.2019<\/td><td class=\"has-text-align-left\" data-align=\"left\">Sergej Prokofjew: Sinfonisches Konzert f\u00fcr Violoncello und Orchester<br>Dmitri Schostakowitsch: Sinfonie Nr. 10<\/td><td class=\"has-text-align-left\" data-align=\"left\">Christian Kunert<br>Solist: Benedikt Loos<\/td><\/tr><tr><td class=\"has-text-align-left\" data-align=\"left\">02.02.2019<\/td><td class=\"has-text-align-left\" data-align=\"left\">Engelbert Humperdinck: Suite aus \u201eH\u00e4nsel und Gretel\u201c<br>Paul Dukas: Der Zauberlehrling<br>Nikolaj Rimski-Korsakow: Scheherazade<\/td><td class=\"has-text-align-left\" data-align=\"left\">Christian Kunert<\/td><\/tr><tr><td class=\"has-text-align-left\" data-align=\"left\">23.09.2019<\/td><td class=\"has-text-align-left\" data-align=\"left\">Felix Mendelssohn Bartholdy: 42. Psalm<br>Johannes Brahms: Schicksalslied<br>Felix Mendelssohn Bartholdy: Die Erste Walpurgisnacht<\/td><td class=\"has-text-align-left\" data-align=\"left\">Thekla Jonathal<br>Hamburger Oratorienchor<\/td><\/tr><tr><td class=\"has-text-align-left\" data-align=\"left\">29.06.2018<\/td><td class=\"has-text-align-left\" data-align=\"left\">Wolfgang Amadeus Mozart: Ouvert\u00fcre zu \u201eDon Giovanni\u201c<br>Wolfgang Amadeus Mozart: Klavierkonzert Nr. 24 c-Moll<br>Igor Strawinsky: Le Sacre du Printemps<\/td><td class=\"has-text-align-left\" data-align=\"left\">Christian Kunert<br>Solist: Andrey Denisenko<\/td><\/tr><tr><td class=\"has-text-align-left\" data-align=\"left\">27.01.2018<\/td><td class=\"has-text-align-left\" data-align=\"left\">Paul Hindemith: Sinfonische Metamorphosen<br>Sergej Prokofjew: Violinkonzert Nr. 1 C-Dur<br>Ludwig van Beethoven: Sinfonie Nr. 5<\/td><td class=\"has-text-align-left\" data-align=\"left\">Christian Kunert<br>Solistin: Joanna Kamenarska-Rundberg<\/td><\/tr><\/tbody><\/table><\/figure>\n<\/div>\n<\/div>\n\n\n\n<p><\/p>\n<\/div>\n<\/div>\n\n\n\n<h4 class=\"wp-block-heading alignwide\" style=\"border-style:none;border-width:0px;padding-top:var(--wp--preset--spacing--50);padding-bottom:var(--wp--preset--spacing--50);font-size:18px;font-style:normal;font-weight:400\"><span style=\"color: #ff9900;\"><a style=\"color: #ff9900;\" href=\"https:\/\/drive.google.com\/file\/d\/19wf3DNDhcM9t8rgMTIR-F8wf7vu0pjD1\/view?usp=drive_link\"><strong>\u00dcbersicht \u00fcber weiter zur\u00fcckliegende Konzerte<\/strong><\/a><\/span><\/h4>\n\n\n\n<p><\/p>\n","protected":false},"excerpt":{"rendered":"<p>Datum Werke Leitung \/ SolistIn 24.01.2026 Edvard Grieg: Klavierkonzert a-MollGustav Mahler: Sinfonie Nr. 4 G-Dur Felix KoltunSolist: Serhij Kovalov 05.07.2025 \u00c9douard Lalo: Cellokonzert d-MollPeter Tschaikowsky: Symphonie Nr. 5 e-Moll Philip HildebrandSolist: Benedikt Loos Mai 2025KonzertreiseItalien Wolfgang Amadeus Mozart: Ouvert\u00fcre zu &#8222;Don Giovanni&#8220;Wolfgang Amadeus Mozart: Klavierkonzert Nr. 25 C-DurJohannes Brahms: Sinfonie<a class=\"moretag\" href=\"https:\/\/harvestehuder.de\/?page_id=1531\"> Weiterlesen<\/a><\/p>\n","protected":false},"author":1,"featured_media":504,"parent":0,"menu_order":0,"comment_status":"closed","ping_status":"closed","template":"","meta":{"footnotes":""},"class_list":["post-1531","page","type-page","status-publish","has-post-thumbnail","hentry"],"_links":{"self":[{"href":"https:\/\/harvestehuder.de\/index.php?rest_route=\/wp\/v2\/pages\/1531","targetHints":{"allow":["GET"]}}],"collection":[{"href":"https:\/\/harvestehuder.de\/index.php?rest_route=\/wp\/v2\/pages"}],"about":[{"href":"https:\/\/harvestehuder.de\/index.php?rest_route=\/wp\/v2\/types\/page"}],"author":[{"embeddable":true,"href":"https:\/\/harvestehuder.de\/index.php?rest_route=\/wp\/v2\/users\/1"}],"replies":[{"embeddable":true,"href":"https:\/\/harvestehuder.de\/index.php?rest_route=%2Fwp%2Fv2%2Fcomments&post=1531"}],"version-history":[{"count":45,"href":"https:\/\/harvestehuder.de\/index.php?rest_route=\/wp\/v2\/pages\/1531\/revisions"}],"predecessor-version":[{"id":1862,"href":"https:\/\/harvestehuder.de\/index.php?rest_route=\/wp\/v2\/pages\/1531\/revisions\/1862"}],"wp:featuredmedia":[{"embeddable":true,"href":"https:\/\/harvestehuder.de\/index.php?rest_route=\/wp\/v2\/media\/504"}],"wp:attachment":[{"href":"https:\/\/harvestehuder.de\/index.php?rest_route=%2Fwp%2Fv2%2Fmedia&parent=1531"}],"curies":[{"name":"wp","href":"https:\/\/api.w.org\/{rel}","templated":true}]}}