{"id":1090,"date":"2022-10-17T17:07:33","date_gmt":"2022-10-17T17:07:33","guid":{"rendered":"https:\/\/harvestehuder.de\/?page_id=1090"},"modified":"2024-12-21T14:56:39","modified_gmt":"2024-12-21T14:56:39","slug":"impressum","status":"publish","type":"page","link":"https:\/\/harvestehuder.de\/?page_id=1090","title":{"rendered":"Impressum"},"content":{"rendered":"\n<p><\/p>\n\n\n\n<h3 class=\"wp-block-heading\">Der Verein:<\/h3>\n\n\n\n<p>Vorsitzender des F\u00f6rdervereins des Harvestehuder Sinfonieorchesters: Reto Woodtli <\/p>\n\n\n\n<p>Schatzmeisterin: Sarah Furchert<\/p>\n\n\n\n<p>.<\/p>\n\n\n\n<p><strong>Adresse des Vereines<\/strong><\/p>\n\n\n\n<p>Harvestehuder Sinfonieorchester F\u00f6rderverein e.V.<\/p>\n\n\n\n<p>info@harvestehuder.de<\/p>\n\n\n\n<p>Shanghaiallee 17<\/p>\n\n\n\n<p>20457 Hamburg<\/p>\n\n\n\n<p>.<\/p>\n\n\n\n<p><strong>Webmaster:<\/strong><\/p>\n\n\n\n<p>info@harvestehuder.de<\/p>\n\n\n\n<p>nilsko@gmail.com<\/p>\n\n\n\n<p>.<\/p>\n\n\n\n<p><strong>Vereinsregistereintrag:<\/strong><\/p>\n\n\n\n<p>Nummer des Vereines: VR 12912<\/p>\n\n\n\n<p>Tr\u00e4ger des Orchesters: Harvestehuder Sinfonieorchester F\u00f6rderverein e. V.<\/p>\n\n\n\n<p>Sitz des Vereines: Hamburg<\/p>\n\n\n\n<p>Aktueller Auszug aus dem Vereinsregister <a href=\"http:\/\/harvestehuder.de\/wp-content\/uploads\/2018\/03\/HH-Hamburg_VR_13912Aktueller_Abdruck-20180311174106.pdf\">hier<\/a>.<\/p>\n\n\n\n<p>.<\/p>\n\n\n\n<p><\/p>\n\n\n\n<h3 class=\"wp-block-heading\">Haftungsausschluss:<\/h3>\n\n\n\n<p><strong>Haftung f\u00fcr Inhalte<\/strong><\/p>\n\n\n\n<p>Die Inhalte unserer Seiten wurden mit gr\u00f6\u00dfter Sorgfalt erstellt. F\u00fcr die Richtigkeit, Vollst\u00e4ndigkeit und Aktualit\u00e4t der Inhalte k\u00f6nnen wir jedoch keine Gew\u00e4hr \u00fcbernehmen. Als Diensteanbieter sind wir gem\u00e4\u00df \u00a7 7 Abs.1 TMG f\u00fcr eigene Inhalte auf diesen Seiten nach den allgemeinen Gesetzen verantwortlich. Nach \u00a7\u00a7 8 bis 10 TMG sind wir als Diensteanbieter jedoch nicht verpflichtet, \u00fcbermittelte oder gespeicherte fremde Informationen zu \u00fcberwachen oder nach Umst\u00e4nden zu forschen, die auf eine rechtswidrige T\u00e4tigkeit hinweisen. Verpflichtungen zur Entfernung oder Sperrung der Nutzung von Informationen nach den allgemeinen Gesetzen bleiben hiervon unber\u00fchrt. Eine diesbez\u00fcgliche Haftung ist jedoch erst ab dem Zeitpunkt der Kenntnis einer konkreten Rechtsverletzung m\u00f6glich. Bei Bekanntwerden von entsprechenden Rechtsverletzungen werden wir diese Inhalte umgehend entfernen.<\/p>\n\n\n\n<p><strong>Haftung f\u00fcr Links<\/strong><\/p>\n\n\n\n<p>Unser Angebot enth\u00e4lt Links zu externen Webseiten Dritter, auf deren Inhalte wir keinen Einfluss haben. Deshalb k\u00f6nnen wir f\u00fcr diese fremden Inhalte auch keine Gew\u00e4hr \u00fcbernehmen. F\u00fcr die Inhalte der verlinkten Seiten ist stets der jeweilige Anbieter oder Betreiber der Seiten verantwortlich. Die verlinkten Seiten wurden zum Zeitpunkt der Verlinkung auf m\u00f6gliche Rechtsverst\u00f6\u00dfe \u00fcberpr\u00fcft. Rechtswidrige Inhalte waren zum Zeitpunkt der Verlinkung nicht erkennbar. Eine permanente inhaltliche Kontrolle der verlinkten Seiten ist jedoch ohne konkrete Anhaltspunkte einer Rechtsverletzung nicht zumutbar. Bei Bekanntwerden von Rechtsverletzungen werden wir derartige Links umgehend entfernen.<\/p>\n\n\n\n<p><strong>Urheberrecht<\/strong><\/p>\n\n\n\n<p>Die durch die Seitenbetreiber erstellten Inhalte und Werke auf diesen Seiten unterliegen dem deutschen Urheberrecht. Die Vervielf\u00e4ltigung, Bearbeitung, Verbreitung und jede Art der Verwertung au\u00dferhalb der Grenzen des Urheberrechtes bed\u00fcrfen der schriftlichen Zustimmung des jeweiligen Autors bzw. Erstellers. Downloads und Kopien dieser Seite sind nur f\u00fcr den privaten, nicht kommerziellen Gebrauch gestattet. Soweit die Inhalte auf dieser Seite nicht vom Betreiber erstellt wurden, werden die Urheberrechte Dritter beachtet. Insbesondere werden Inhalte Dritter als solche gekennzeichnet. Sollten Sie trotzdem auf eine Urheberrechtsverletzung aufmerksam werden, bitten wir um einen entsprechenden Hinweis. Bei Bekanntwerden von Rechtsverletzungen werden wir derartige Inhalte umgehend entfernen.<\/p>\n\n\n\n<p><strong>Datenschutz<\/strong><\/p>\n\n\n\n<p>Die Nutzung unserer Webseite ist in der Regel ohne Angabe personenbezogener Daten m\u00f6glich. Soweit auf unseren Seiten personenbezogene Daten (beispielsweise Name, Anschrift oder eMail-Adressen) erhoben werden, erfolgt dies, soweit m\u00f6glich, stets auf freiwilliger Basis. Diese Daten werden ohne Ihre ausdr\u00fcckliche Zustimmung nicht an Dritte weitergegeben.<\/p>\n\n\n\n<p>Wir weisen darauf hin, dass die Daten\u00fcbertragung im Internet (z.B. bei der Kommunikation per E-Mail) Sicherheitsl\u00fccken aufweisen kann. Ein l\u00fcckenloser Schutz der Daten vor dem Zugriff durch Dritte ist nicht m\u00f6glich.<\/p>\n\n\n\n<p>Der Nutzung von im Rahmen der Impressumspflicht ver\u00f6ffentlichten Kontaktdaten durch Dritte zur \u00dcbersendung von nicht ausdr\u00fccklich angeforderter Werbung und Informationsmaterialien wird hiermit ausdr\u00fccklich widersprochen. Die Betreiber der Seiten behalten sich ausdr\u00fccklich rechtliche Schritte im Falle der unverlangten Zusendung von Werbeinformationen, etwa durch Spam-Mails, vor.<\/p>\n\n\n\n<p><strong>Speicherung von Mitgliederdaten<\/strong><\/p>\n\n\n\n<p>Sind Sie F\u00f6rdervereinsmitglied, dann speichern wir Ihre Daten in einem &#8211; nicht \u00f6ffentlichen &#8211; Dokument, auf das nur wenige (derzeit 3) Personen Zugriff haben, lassen Sie uns wissen, wenn Sie dies nicht w\u00fcnschen.<\/p>\n\n\n\n<p>Du bist musizierendes Mitglied? Dann taucht Dein Name und deine Daten in der Mitgliederliste im internen Bereich auf (also nicht zug\u00e4nglich f\u00fcr die \u00d6ffentlichkeit). Du willst dies nicht? Wende Dich an Deinen Stimmf\u00fchrer, die meisten Stimmf\u00fchrer k\u00f6nnen Dich aus der Liste austragen (oder gar nicht erst eintragen), oder auch einzelne Datenpunkte entfernen.<\/p>\n\n\n\n<p>Weitere Angaben zur Verarbeitung von Personendaten nach DSGVO findest du \/ finden Sie im folgenden Absatz:<\/p>\n\n\n\n<p><strong>INFORMATION NACH ARTIKEL 13 DSGVO<\/strong><\/p>\n\n\n\n<p>HINWEISE ZUR DATENVERARBEITUNG<\/p>\n\n\n\n<p><strong>1. NAME UND KONTAKTDATEN DES F\u00dcR DIE VERARBEITUNG<\/strong><br><strong>VERANTWORTLICHEN<\/strong><\/p>\n\n\n\n<p>Diese Datenschutzhinweise gelten f\u00fcr die Datenverarbeitung durch: Harvestehuder Sinfonieorchester F\u00f6rderverein e.V., info@harvestehuder.de, Shanghaiallee 17, 20457 Hamburg, vertreten durch den Vorsitzenden, Reto Woodtli.<\/p>\n\n\n\n<p><strong>2. ERHEBUNG UND SPEICHERUNG PERSONENBEZOGENER DATEN SOWIE ART UND<\/strong><br><strong>ZWECK UND DEREN VERWENDUNG<\/strong><\/p>\n\n\n\n<p>Von unseren aktiven und passiven Mitgliedern erheben wir folgende Informationen:<br>&#8211; Anrede, Vorname, Nachname,<br>&#8211; eine g\u00fcltige E-Mail-Adresse,<br>&#8211; Anschrift,<br>&#8211; Telefonnummer (Festnetz und\/oder Mobilfunk)<br>&#8211; bei aktiven Mitgliedern ferner: Instrument,<br>&#8211; bei passiven Mitgliedern ferner: Kontoverbindung<br>Die Erhebung dieser Daten erfolgt,<br>&#8211; um die Mitglieder identifizieren zu k\u00f6nnen<br>&#8211; zur Korrespondenz<br>&#8211; zur Programmgestaltung<br>Die Datenverarbeitung erfolgt auf Ihre Anfrage hin und ist nach Art. 6 Abs. 1 S. 1 lit. b DSGVO zu den genannten Zwecken zur Erf\u00fcllung des Vereinszwecks \u2013 die Pflege der Musik und die Arbeit f\u00fcr und mit jungen Menschen \u2013 erforderlich.<br>Die erhobenen personenbezogenen Daten werden bis zum Ende der Mitgliedschaft gespeichert und danach gel\u00f6scht, es sei denn das Mitglied stimmt der Aufnahme in eine Liste ehemaliger Mitglieder zu oder hat nach Art. 6 Abs. 1 S. 1 lit. a DSGVO eingewilligt.<\/p>\n\n\n\n<p><strong>3. WEITERGABE VON DATEN AN DRITTE<\/strong><\/p>\n\n\n\n<p>Eine \u00dcbermittlung Ihrer pers\u00f6nlichen Daten an Dritte zu anderen als den im Folgenden aufgef\u00fchrten Zwecken findet nicht statt. Soweit dies nach Art. 6 Abs. 1 S. 1 lit. b DSGVO f\u00fcr die Erf\u00fcllung des Vereinszwecks erforderlich ist, werden Ihre personenbezogenen Daten an Dritte weitergegeben.<\/p>\n\n\n\n<p>Hierzu geh\u00f6rt insbesondere die Angabe von Name, Vorname und Instrument in Programmheften.<\/p>\n\n\n\n<p><strong>4. BETROFFENENRECHTE<\/strong><\/p>\n\n\n\n<p>Sie haben das Recht:<br>&#8211; gem\u00e4\u00df Art. 7 Abs. 3 DSGVO eine etwaig einmal erteilte Einwilligung jederzeit gegen\u00fcber dem Verein, vertreten durch den Vorsitzenden, zu widerrufen. Dies hat zur Folge, dass wir die<br>Datenverarbeitung, die auf dieser Einwilligung beruhte, f\u00fcr die Zukunft nicht mehr fortf\u00fchren<br>d\u00fcrfen;<br>&#8211; gem\u00e4\u00df Art. 15 DSGVO Auskunft \u00fcber Ihre von uns verarbeiteten personenbezogenen Daten zu<br>verlangen. Insbesondere k\u00f6nnen Sie Auskunft \u00fcber die Verarbeitungszwecke, die Kategorie der<br>personenbezogenen Daten, die Kategorien von Empf\u00e4ngern, gegen\u00fcber denen Ihre Daten offengelegt<br>wurden oder werden, die geplante Speicherdauer, das Bestehen eines Rechts auf Berichtigung,<br>L\u00f6schung, Einschr\u00e4nkung der Verarbeitung oder Widerspruch, das Bestehen eines<br>Beschwerderechts, die Herkunft ihrer Daten, sofern diese nicht bei uns erhoben wurden;<br>&#8211; gem\u00e4\u00df Art. 16 DSGVO unverz\u00fcglich die Berichtigung unrichtiger oder Vervollst\u00e4ndigung Ihrer bei uns gespeicherten personenbezogenen Daten zu verlangen;<br>&#8211; gem\u00e4\u00df Art. 17 DSGVO die L\u00f6schung Ihrer bei uns gespeicherten personenbezogenen Daten zu verlangen, soweit nicht die Verarbeitung zur Aus\u00fcbung des Rechts auf freie Meinungs\u00e4u\u00dferung und Information, zur Erf\u00fcllung einer rechtlichen Verpflichtung, aus Gr\u00fcnden des \u00f6ffentlichen Interesses oder zur Geltendmachung, Aus\u00fcbung oder Verteidigung von Rechtsanspr\u00fcchen erforderlich ist;<br>&#8211; gem\u00e4\u00df Art. 18 DSGVO die Einschr\u00e4nkung der Verarbeitung Ihrer personenbezogenen Daten zu verlangen, soweit die Richtigkeit der Daten von Ihnen bestritten wird, die Verarbeitung<br>unrechtm\u00e4\u00dfig ist, Sie aber deren L\u00f6schung ablehnen und wir die Daten nicht mehr ben\u00f6tigen, Sie jedoch diese zur Geltendmachung, Aus\u00fcbung oder Verteidigung von Rechtsanspr\u00fcchen ben\u00f6tigen oder Sie gem\u00e4\u00df Art. 21 DSGVO Widerspruch gegen die Verarbeitung eingelegt haben;<br>&#8211; gem\u00e4\u00df Art. 20 DSGVO Ihre personenbezogenen Daten, die Sie uns bereitgestellt haben, in einem strukturierten, g\u00e4ngigen und maschinenlesebaren Format zu erhalten oder die \u00dcbermittlung an einen anderen Verantwortlichen zu verlangen und<br>&#8211; gem\u00e4\u00df Art. 77 DSGVO sich bei einer Aufsichtsbeh\u00f6rde zu beschweren. In der Regel k\u00f6nnen Sie sich hierf\u00fcr an die Aufsichtsbeh\u00f6rde Ihres \u00fcblichen Aufenthaltsortes des Vereinssitzes wenden.<\/p>\n\n\n\n<p><strong>5. WIDERSPRUCHSRECHT<\/strong><\/p>\n\n\n\n<p>Sofern Ihre personenbezogenen Daten auf Grundlage von berechtigten Interessen gem\u00e4\u00df Art. 6 Abs. 1 S. 1 lit. f DSGVO verarbeitet werden, haben Sie das Recht, gem\u00e4\u00df Art. 21 DSGVO Widerspruch gegen die Verarbeitung Ihrer personenbezogenen Daten einzulegen, soweit daf\u00fcr Gr\u00fcnde vorliegen, die sich aus Ihrer<br>besonderen Situation ergeben. M\u00f6chten Sie von Ihrem Widerspruchsrecht Gebrauch machen, gen\u00fcgt eine E-Mail an info@harvestehuder.de<\/p>\n","protected":false},"excerpt":{"rendered":"<p>Der Verein: Vorsitzender des F\u00f6rdervereins des Harvestehuder Sinfonieorchesters: Reto Woodtli Schatzmeisterin: Sarah Furchert . Adresse des Vereines Harvestehuder Sinfonieorchester F\u00f6rderverein e.V. info@harvestehuder.de Shanghaiallee 17 20457 Hamburg . Webmaster: info@harvestehuder.de nilsko@gmail.com . Vereinsregistereintrag: Nummer des Vereines: VR 12912 Tr\u00e4ger des Orchesters: Harvestehuder Sinfonieorchester F\u00f6rderverein e. V. Sitz des Vereines: Hamburg Aktueller<a class=\"moretag\" href=\"https:\/\/harvestehuder.de\/?page_id=1090\"> Weiterlesen<\/a><\/p>\n","protected":false},"author":1,"featured_media":0,"parent":0,"menu_order":0,"comment_status":"closed","ping_status":"closed","template":"","meta":{"footnotes":""},"class_list":["post-1090","page","type-page","status-publish","hentry"],"_links":{"self":[{"href":"https:\/\/harvestehuder.de\/index.php?rest_route=\/wp\/v2\/pages\/1090","targetHints":{"allow":["GET"]}}],"collection":[{"href":"https:\/\/harvestehuder.de\/index.php?rest_route=\/wp\/v2\/pages"}],"about":[{"href":"https:\/\/harvestehuder.de\/index.php?rest_route=\/wp\/v2\/types\/page"}],"author":[{"embeddable":true,"href":"https:\/\/harvestehuder.de\/index.php?rest_route=\/wp\/v2\/users\/1"}],"replies":[{"embeddable":true,"href":"https:\/\/harvestehuder.de\/index.php?rest_route=%2Fwp%2Fv2%2Fcomments&post=1090"}],"version-history":[{"count":5,"href":"https:\/\/harvestehuder.de\/index.php?rest_route=\/wp\/v2\/pages\/1090\/revisions"}],"predecessor-version":[{"id":1630,"href":"https:\/\/harvestehuder.de\/index.php?rest_route=\/wp\/v2\/pages\/1090\/revisions\/1630"}],"wp:attachment":[{"href":"https:\/\/harvestehuder.de\/index.php?rest_route=%2Fwp%2Fv2%2Fmedia&parent=1090"}],"curies":[{"name":"wp","href":"https:\/\/api.w.org\/{rel}","templated":true}]}}